{"id":2082,"date":"2015-12-22T14:27:40","date_gmt":"2015-12-22T11:27:40","guid":{"rendered":"http:\/\/ewelt.org\/blog\/?page_id=2082"},"modified":"2017-07-07T15:37:24","modified_gmt":"2017-07-07T13:37:24","slug":"batch-autoloader-photoshop-cc","status":"publish","type":"page","link":"https:\/\/ewelt.org\/blog\/software\/batch-autoloader-photoshop-cc\/","title":{"rendered":"Batch Autoloader for Photoshop CC"},"content":{"rendered":"<h2>Batch Autoloader ist sehr hilfreich f\u00fcr alle, die viele Dateien in Photoshop bearbeiten.<\/h2>\n<h2><img loading=\"lazy\" decoding=\"async\" class=\"size-full wp-image-2068 alignright\" src=\"https:\/\/ewelt.org\/blog\/wp-content\/uploads\/2015\/12\/BAPCC_v1.jpg\" alt=\"Batch Autoloader for Photoshop CC\" width=\"476\" height=\"617\" srcset=\"https:\/\/ewelt.org\/blog\/wp-content\/uploads\/2015\/12\/BAPCC_v1.jpg 476w, https:\/\/ewelt.org\/blog\/wp-content\/uploads\/2015\/12\/BAPCC_v1-231x300.jpg 231w\" sizes=\"auto, (max-width: 476px) 100vw, 476px\" \/><\/h2>\n<p>&nbsp;<\/p>\n<p>&nbsp;<\/p>\n<p>Es k\u00fcmmert sich sorgf\u00e4ltig, um alle Dateiverwaltungsaufgaben, damit Sie sich auf die andere Arbeit konzentrieren k\u00f6nnen. Batch Autoloader ist entstanden in der Notwendigkeit individuell jedes Foto von Hunderten zu retuschieren. So hat sich eine unsch\u00e4tzbare Workflow-Komponente f\u00fcr Hunderte von Fotografen weltweit entwickelt.<\/p>\n<p>&nbsp;<\/p>\n<p>&nbsp;<\/p>\n<h3>Ist es f\u00fcr Sie?<\/h3>\n<p>Bearbeiten Sie viele Dateien, ein nach dem anderen? Haben Sie es satt, diesem m\u00fchsamen Schritte manuell zu machen! Wollen Sie nicht mehr unn\u00f6tig den Speicher verschwenden lassen, indem Sie viele Bilder im Hintergrund \u00f6ffnen. Wenn ja, dann ist der Batch Autoloader f\u00fcr Sie! Im Grunde ist es f\u00fcr alle, die ihre Zeit sch\u00e4tzen!<\/p>\n<p><!--more--><\/p>\n<p>&nbsp;<\/p>\n<p>Wie funktioniert es:<\/p>\n<p>Sobald Sie Einstellungen mit Hilfe der gut gestalteten grafischen Oberfl\u00e4che definiert haben, wird Batch Autoloader die gew\u00fcnschten Dateien in Photoshop ein nach dem anderen \u00f6ffnen und nur mit einem Tastendruck! Es ist sowohl Workflow effizient und ressourcenschonend als auch zeitsparend.<\/p>\n<p>&nbsp;<\/p>\n<h3><\/h3>\n<h3><\/h3>\n<h3><\/h3>\n<p>&nbsp;<\/p>\n<p>&nbsp;<\/p>\n<p>&nbsp;<\/p>\n<p>&nbsp;<\/p>\n<p>&nbsp;<\/p>\n<p>&nbsp;<\/p>\n<h3><\/h3>\n<h3><\/h3>\n<h3>Cool Features<\/h3>\n<ul>\n<li>W\u00e4hle einen Ordner, der zu bearbeiten ist und einen anderen Ordner, wo sie gespeichert werden sollen.<\/li>\n<li>An einem St\u00fcck nicht fertig geworden? Kein Problem, Autoloader trennt die fertigen Fotos von den noch zu bearbeiteten.<\/li>\n<li>Passen dein Workflow mit den Actions am Anfang der Bearbeitung und vor dem Speichern.<\/li>\n<li>Es kann JPEG, TIFF und PSD Dateien laden.<\/li>\n<\/ul>\n<h3>Ich brauche es, weil es im Vergleich zum Standardworkflow alles einfacher macht:<\/h3>\n<h4><em>Standardworkflow:<\/em><\/h4>\n<ul>\n<li>Klicke \u201eDatei\u201c, dann klicke \u201eSpeichern unter\u201c<\/li>\n<li>in dem Dateidialog navigiere zum dem Ordner, wo die Datei gespeichert werden soll und dann klicke \u201eOK\u201c<\/li>\n<li>Als N\u00e4chstes w\u00e4hle die Einstellungen f\u00fcr JPEG und klicke \u201eOK\u201c<\/li>\n<li>Klicke \u201eDatei\u201c und dann \u201eSchlie\u00dfen\u201c<\/li>\n<li>Neue Datei aufrufen: Klicke \u201eDatei\u201c und dann \u201e\u00d6ffnen\u201c<\/li>\n<li>Doppelklick auf der zu \u00f6ffnenden Datei mit der Hoffnung, dass man sich nicht verklickt hat.<\/li>\n<\/ul>\n<h4><em>Batch Autoloader Workflow:<\/em><\/h4>\n<ul>\n<li>Einmalige Einstellung und danach nur \u201eKlick\u201c!<\/li>\n<\/ul>\n<p>&nbsp;<\/p>\n<p>Kleine Anleitung wie es funktioniert und wie man BAPCC installiert:<\/p>\n<p><iframe loading=\"lazy\" title=\"How to install and use Batch Autoloader Photoshop CC\" width=\"500\" height=\"375\" src=\"https:\/\/www.youtube.com\/embed\/uYzKB66TG0o?feature=oembed\" frameborder=\"0\" allow=\"accelerometer; autoplay; clipboard-write; encrypted-media; gyroscope; picture-in-picture; web-share\" referrerpolicy=\"strict-origin-when-cross-origin\" allowfullscreen><\/iframe><\/p>\n<p>&nbsp;<\/p>\n<p>&nbsp;<\/p>\n<p><strong>Download:<\/strong><\/p>\n<p><strong> <a href=\"https:\/\/ewelt.org\/software\/BAPCC\/files\/BAPCC_v1.2.zip\" target=\"_blank\">Batch Autoloader for Photoshop CC v.1.2<\/a><\/strong><br \/>\n<strong> <a href=\"https:\/\/ewelt.org\/software\/BAPCC\/files\/BAPCC_v1.zip\" target=\"_blank\">Batch Autoloader for Photoshop CC v.1.0<\/a><\/strong><\/p>\n<p><strong>ChangeLog:<\/strong><\/p>\n<p>v.1.2 Fixed Inkompatibilit\u00e4t mit MacOS<\/p>\n<p>Wenn Sie das Tools n\u00fctzlich finden, w\u00fcrde ich mich um jede kleine Unterst\u00fcrzung freuen:<\/p>\n<p><a href=\"https:\/\/www.paypal.me\/upashi\/5\" target=\"_blank\"><img loading=\"lazy\" decoding=\"async\" class=\"wp-image-2077 alignleft\" src=\"https:\/\/ewelt.org\/blog\/wp-content\/uploads\/2015\/12\/6c677407ff10dcd84f4bb70623312610.media_.jpg\" alt=\"paypaldonate\" width=\"238\" height=\"55\" srcset=\"https:\/\/ewelt.org\/blog\/wp-content\/uploads\/2015\/12\/6c677407ff10dcd84f4bb70623312610.media_.jpg 503w, https:\/\/ewelt.org\/blog\/wp-content\/uploads\/2015\/12\/6c677407ff10dcd84f4bb70623312610.media_-300x69.jpg 300w\" sizes=\"auto, (max-width: 238px) 100vw, 238px\" \/><\/a><\/p>\n<p>&nbsp;<\/p>\n<p>&nbsp;<\/p>\n<p>&nbsp;<\/p>\n<p>&nbsp;<\/p>\n","protected":false},"excerpt":{"rendered":"<p>Batch Autoloader ist sehr hilfreich f\u00fcr alle, die viele Dateien in Photoshop bearbeiten. &nbsp; &nbsp; Es k\u00fcmmert sich sorgf\u00e4ltig, um alle Dateiverwaltungsaufgaben, damit Sie sich<\/p>\n<div class=\"more-link-wrapper\"><a class=\"more-link\" href=\"https:\/\/ewelt.org\/blog\/software\/batch-autoloader-photoshop-cc\/\">Weiterlesen<span class=\"screen-reader-text\">Batch Autoloader for Photoshop CC<\/span><\/a><\/div>\n","protected":false},"author":1,"featured_media":0,"parent":2080,"menu_order":0,"comment_status":"closed","ping_status":"closed","template":"","meta":{"iawp_total_views":27,"footnotes":""},"class_list":["post-2082","page","type-page","status-publish","hentry","entry"],"_links":{"self":[{"href":"https:\/\/ewelt.org\/blog\/wp-json\/wp\/v2\/pages\/2082","targetHints":{"allow":["GET"]}}],"collection":[{"href":"https:\/\/ewelt.org\/blog\/wp-json\/wp\/v2\/pages"}],"about":[{"href":"https:\/\/ewelt.org\/blog\/wp-json\/wp\/v2\/types\/page"}],"author":[{"embeddable":true,"href":"https:\/\/ewelt.org\/blog\/wp-json\/wp\/v2\/users\/1"}],"replies":[{"embeddable":true,"href":"https:\/\/ewelt.org\/blog\/wp-json\/wp\/v2\/comments?post=2082"}],"version-history":[{"count":3,"href":"https:\/\/ewelt.org\/blog\/wp-json\/wp\/v2\/pages\/2082\/revisions"}],"predecessor-version":[{"id":2096,"href":"https:\/\/ewelt.org\/blog\/wp-json\/wp\/v2\/pages\/2082\/revisions\/2096"}],"up":[{"embeddable":true,"href":"https:\/\/ewelt.org\/blog\/wp-json\/wp\/v2\/pages\/2080"}],"wp:attachment":[{"href":"https:\/\/ewelt.org\/blog\/wp-json\/wp\/v2\/media?parent=2082"}],"curies":[{"name":"wp","href":"https:\/\/api.w.org\/{rel}","templated":true}]}}