{"id":2,"date":"2013-10-21T21:09:51","date_gmt":"2013-10-21T17:09:51","guid":{"rendered":"http:\/\/ewelt.org\/blog\/?page_id=2"},"modified":"2017-07-26T14:35:20","modified_gmt":"2017-07-26T12:35:20","slug":"about","status":"publish","type":"page","link":"https:\/\/ewelt.org\/blog\/about\/","title":{"rendered":"\u00dcber mich"},"content":{"rendered":"<p><img loading=\"lazy\" decoding=\"async\" class=\"alignleft\" title=\"\" src=\"http:\/\/cdn1.share.slickpic.com\/u\/PavelEremeev\/Misc\/org\/me\/web.jpg\" alt=\"\" width=\"162\" height=\"243\" border=\"1\" data-cke-saved-src=\"http:\/\/cdn1.share.slickpic.com\/u\/PavelEremeev\/Misc\/org\/me\/web.jpg\" \/><\/p>\n<p>&nbsp;<\/p>\n<p>&nbsp;<\/p>\n<p>Hier m\u00f6chte ich mich in K\u00fcrze vorstellen. Ich hei\u00dfe Pavel und komme urspr\u00fcnglich aus Westsibirien. Seit 2000 bin ich in Deutschland und im Jahr 2009 habe ich f\u00fcr mich Fotografie entdeckt. Seit dieser Zeit ist sie mein Hobby und meine Leidenschaft geworden. Nat\u00fcrlich m\u00f6chte ich mich in dem Bereich weiter entwickeln und auch mit den Gleichgesinnten austauschen k\u00f6nnen. Aus dem Grund entstand zuerst eine Version des Blogs in meine Muttersprache auf (<a href=\"http:\/\/peep.pictures\/blog\">http:\/\/peep.pictures\/blog<\/a>) und jetzt bin ich bereit den Blog auf den deutsprachigen Raum zu erweitern. Auf den Blogseiten werde ich zum gr\u00f6\u00dften Teil die Fotoberichte aus den unterschiedlichen Ausfl\u00fcgen oder Events zeigen. Ich versuche die Berichte informativ mit eigenen Kommentaren oder Ausschnitten aus z.b. Wikipedia\u00a0 zu gestalten. Manchmal k\u00f6nnen auch die Beitr\u00e4ge erscheinen, die nicht wirklich etwas mit Fotografie zu tun haben, einfache Geschichten aus dem Alltag.<\/p>\n<p>&nbsp;<\/p>\n<p>&nbsp;<\/p>\n<p>&nbsp;<\/p>\n<p><img decoding=\"async\" class=\"alignright\" src=\"http:\/\/cdn1.share.slickpic.com\/u\/PavelEremeev\/Misc\/300\/lex\/web.jpg\" alt=\"\" data-cke-saved-src=\"http:\/\/cdn1.share.slickpic.com\/u\/PavelEremeev\/Misc\/300\/lex\/web.jpg\" \/><\/p>\n<p>&nbsp;<\/p>\n<p>&nbsp;<\/p>\n<p>Im Haushalt gibt noch ein Kuscheltier, obwohl es zu gut gemeint ist, wenn man die Krallen anschaut \ud83d\ude09<\/p>\n<p>Das Tierchen hei\u00dft Lex und kommt ab und zu auf den Seiten des Blogs vor.<\/p>\n","protected":false},"excerpt":{"rendered":"<p>&nbsp; &nbsp; Hier m\u00f6chte ich mich in K\u00fcrze vorstellen. Ich hei\u00dfe Pavel und komme urspr\u00fcnglich aus Westsibirien. Seit 2000 bin ich in Deutschland und im&#8230;<\/p>\n<div class=\"more-link-wrapper\"><a class=\"more-link\" href=\"https:\/\/ewelt.org\/blog\/about\/\">Weiterlesen<span class=\"screen-reader-text\">\u00dcber mich<\/span><\/a><\/div>\n","protected":false},"author":1,"featured_media":0,"parent":0,"menu_order":0,"comment_status":"open","ping_status":"closed","template":"","meta":{"iawp_total_views":29,"footnotes":""},"class_list":["post-2","page","type-page","status-publish","hentry","entry"],"_links":{"self":[{"href":"https:\/\/ewelt.org\/blog\/wp-json\/wp\/v2\/pages\/2","targetHints":{"allow":["GET"]}}],"collection":[{"href":"https:\/\/ewelt.org\/blog\/wp-json\/wp\/v2\/pages"}],"about":[{"href":"https:\/\/ewelt.org\/blog\/wp-json\/wp\/v2\/types\/page"}],"author":[{"embeddable":true,"href":"https:\/\/ewelt.org\/blog\/wp-json\/wp\/v2\/users\/1"}],"replies":[{"embeddable":true,"href":"https:\/\/ewelt.org\/blog\/wp-json\/wp\/v2\/comments?post=2"}],"version-history":[{"count":10,"href":"https:\/\/ewelt.org\/blog\/wp-json\/wp\/v2\/pages\/2\/revisions"}],"predecessor-version":[{"id":2462,"href":"https:\/\/ewelt.org\/blog\/wp-json\/wp\/v2\/pages\/2\/revisions\/2462"}],"wp:attachment":[{"href":"https:\/\/ewelt.org\/blog\/wp-json\/wp\/v2\/media?parent=2"}],"curies":[{"name":"wp","href":"https:\/\/api.w.org\/{rel}","templated":true}]}}